{"id":263,"date":"2025-04-25T11:44:30","date_gmt":"2025-04-25T09:44:30","guid":{"rendered":"http:\/\/www.pfcbrasero.fr\/?page_id=263"},"modified":"2025-08-25T09:55:41","modified_gmt":"2025-08-25T07:55:41","slug":"mentions-legales","status":"publish","type":"page","link":"https:\/\/www.pfcbrasero.fr\/index.php\/mentions-legales\/","title":{"rendered":"Mentions l\u00e9gales"},"content":{"rendered":"\t\t<div data-elementor-type=\"wp-page\" data-elementor-id=\"263\" class=\"elementor elementor-263\">\n\t\t\t\t<div class=\"elementor-element elementor-element-0866c95 e-con-full e-flex e-con e-parent\" data-id=\"0866c95\" data-element_type=\"container\" data-e-type=\"container\" data-settings=\"{&quot;background_background&quot;:&quot;classic&quot;}\">\n\t\t\t\t<div class=\"elementor-element elementor-element-97de29f elementor-widget elementor-widget-heading\" data-id=\"97de29f\" data-element_type=\"widget\" data-e-type=\"widget\" data-widget_type=\"heading.default\">\n\t\t\t\t<div class=\"elementor-widget-container\">\n\t\t\t\t\t<h2 class=\"elementor-heading-title elementor-size-default\">MENTIONS L\u00c9GALES<\/h2>\t\t\t\t<\/div>\n\t\t\t\t<\/div>\n\t\t\t\t<\/div>\n\t\t<div class=\"elementor-element elementor-element-65c35b8 e-grid e-con-boxed e-con e-parent\" data-id=\"65c35b8\" data-element_type=\"container\" data-e-type=\"container\">\n\t\t\t\t\t<div class=\"e-con-inner\">\n\t\t\t\t<div class=\"elementor-element elementor-element-3dc44b3 elementor-widget elementor-widget-heading\" data-id=\"3dc44b3\" data-element_type=\"widget\" data-e-type=\"widget\" data-widget_type=\"heading.default\">\n\t\t\t\t<div class=\"elementor-widget-container\">\n\t\t\t\t\t<h2 class=\"elementor-heading-title elementor-size-default\">\u00c9diteur du site<\/h2>\t\t\t\t<\/div>\n\t\t\t\t<\/div>\n\t\t\t\t<div class=\"elementor-element elementor-element-333cccc elementor-widget elementor-widget-text-editor\" data-id=\"333cccc\" data-element_type=\"widget\" data-e-type=\"widget\" data-widget_type=\"text-editor.default\">\n\t\t\t\t<div class=\"elementor-widget-container\">\n\t\t\t\t\t\t\t\t\t<p>Le pr\u00e9sent site est \u00e9dit\u00e9 par : PFC Brasero<\/p><p><span style=\"font-style: inherit; font-weight: inherit;\">SAS<\/span><\/p><p><span style=\"font-style: inherit; font-weight: inherit;\">Si\u00e8ge social : 50 Route de Brach, 33480 Sainte-H\u00e9l\u00e8ne<\/span><\/p><p>SIRET :\u00a0<span style=\"font-size: 1rem;\">932 770 779 00019<\/span><\/p><p>RSC : 932 770 779 RCS BORDEAUX<\/p><p>Capital social : 1 000\u20ac<\/p><p>Responsable : Kevin Campourcy et Antoine Ceriani<\/p>\t\t\t\t\t\t\t\t<\/div>\n\t\t\t\t<\/div>\n\t\t\t\t\t<\/div>\n\t\t\t\t<\/div>\n\t\t<div class=\"elementor-element elementor-element-38a7ec5 e-grid e-con-boxed e-con e-parent\" data-id=\"38a7ec5\" data-element_type=\"container\" data-e-type=\"container\">\n\t\t\t\t\t<div class=\"e-con-inner\">\n\t\t<div class=\"elementor-element elementor-element-36b0fe9 e-grid e-con-full e-con e-child\" data-id=\"36b0fe9\" data-element_type=\"container\" data-e-type=\"container\">\n\t\t\t\t<div class=\"elementor-element elementor-element-b4b3f3e elementor-widget elementor-widget-heading\" data-id=\"b4b3f3e\" data-element_type=\"widget\" data-e-type=\"widget\" data-widget_type=\"heading.default\">\n\t\t\t\t<div class=\"elementor-widget-container\">\n\t\t\t\t\t<h2 class=\"elementor-heading-title elementor-size-default\">Contact<\/h2>\t\t\t\t<\/div>\n\t\t\t\t<\/div>\n\t\t\t\t<div class=\"elementor-element elementor-element-e6a5b0c elementor-widget elementor-widget-text-editor\" data-id=\"e6a5b0c\" data-element_type=\"widget\" data-e-type=\"widget\" data-widget_type=\"text-editor.default\">\n\t\t\t\t<div class=\"elementor-widget-container\">\n\t\t\t\t\t\t\t\t\t<p>T\u00e9l\u00e9phone : 06 89 73 85 35<\/p><p>Email : contact@pfcbrasero.fr<\/p><p>Site web : www.pfcbrasero.fr<\/p>\t\t\t\t\t\t\t\t<\/div>\n\t\t\t\t<\/div>\n\t\t\t\t<\/div>\n\t\t\t\t<div class=\"elementor-element elementor-element-df7ad43 elementor-widget elementor-widget-heading\" data-id=\"df7ad43\" data-element_type=\"widget\" data-e-type=\"widget\" data-widget_type=\"heading.default\">\n\t\t\t\t<div class=\"elementor-widget-container\">\n\t\t\t\t\t<h2 class=\"elementor-heading-title elementor-size-default\">H\u00e9bergement du site<\/h2>\t\t\t\t<\/div>\n\t\t\t\t<\/div>\n\t\t\t\t\t<\/div>\n\t\t\t\t<\/div>\n\t\t<div class=\"elementor-element elementor-element-91260ec e-flex e-con-boxed e-con e-parent\" data-id=\"91260ec\" data-element_type=\"container\" data-e-type=\"container\">\n\t\t\t\t\t<div class=\"e-con-inner\">\n\t\t\t\t<div class=\"elementor-element elementor-element-f79e62b elementor-widget elementor-widget-text-editor\" data-id=\"f79e62b\" data-element_type=\"widget\" data-e-type=\"widget\" data-widget_type=\"text-editor.default\">\n\t\t\t\t<div class=\"elementor-widget-container\">\n\t\t\t\t\t\t\t\t\t<p>Le site est h\u00e9berg\u00e9 par : OVH<\/p><p>Si\u00e8ge social : 2 rue Kellermann &#8211; 59100 Roubaix France<\/p><p>T\u00e9l\u00e9phone : 09 72 10 10 07<\/p><p>Mail : cil@ovh.net<\/p><p>Site web : www.ovh.com<\/p>\t\t\t\t\t\t\t\t<\/div>\n\t\t\t\t<\/div>\n\t\t\t\t\t<\/div>\n\t\t\t\t<\/div>\n\t\t<div class=\"elementor-element elementor-element-1566bdb e-grid e-con-boxed e-con e-parent\" data-id=\"1566bdb\" data-element_type=\"container\" data-e-type=\"container\">\n\t\t\t\t\t<div class=\"e-con-inner\">\n\t\t\t\t<div class=\"elementor-element elementor-element-340b223 elementor-widget elementor-widget-heading\" data-id=\"340b223\" data-element_type=\"widget\" data-e-type=\"widget\" data-widget_type=\"heading.default\">\n\t\t\t\t<div class=\"elementor-widget-container\">\n\t\t\t\t\t<h2 class=\"elementor-heading-title elementor-size-default\">Propri\u00e9t\u00e9 intellectuelle<\/h2>\t\t\t\t<\/div>\n\t\t\t\t<\/div>\n\t\t\t\t<div class=\"elementor-element elementor-element-3c7ab7c elementor-widget elementor-widget-text-editor\" data-id=\"3c7ab7c\" data-element_type=\"widget\" data-e-type=\"widget\" data-widget_type=\"text-editor.default\">\n\t\t\t\t<div class=\"elementor-widget-container\">\n\t\t\t\t\t\t\t\t\t<p>Tous les \u00e9l\u00e9ments du site (textes, images, graphismes, logo, etc.) sont la propri\u00e9t\u00e9 exclusive de <strong data-start=\"1161\" data-end=\"1176\">PFC Brasero<\/strong>, sauf mentions contraires.<br data-start=\"1203\" data-end=\"1206\" \/>Toute reproduction, distribution, modification, adaptation ou publication, m\u00eame partielle, est strictement interdite sans l\u2019accord \u00e9crit pr\u00e9alable de l\u2019entreprise.<\/p>\t\t\t\t\t\t\t\t<\/div>\n\t\t\t\t<\/div>\n\t\t\t\t\t<\/div>\n\t\t\t\t<\/div>\n\t\t<div class=\"elementor-element elementor-element-7712a3b e-grid e-con-boxed e-con e-parent\" data-id=\"7712a3b\" data-element_type=\"container\" data-e-type=\"container\">\n\t\t\t\t\t<div class=\"e-con-inner\">\n\t\t\t\t<div class=\"elementor-element elementor-element-71f03b2 elementor-widget elementor-widget-heading\" data-id=\"71f03b2\" data-element_type=\"widget\" data-e-type=\"widget\" data-widget_type=\"heading.default\">\n\t\t\t\t<div class=\"elementor-widget-container\">\n\t\t\t\t\t<h2 class=\"elementor-heading-title elementor-size-default\">Protection des donn\u00e9es personnelles<\/h2>\t\t\t\t<\/div>\n\t\t\t\t<\/div>\n\t\t\t\t<div class=\"elementor-element elementor-element-a0ed464 elementor-widget elementor-widget-text-editor\" data-id=\"a0ed464\" data-element_type=\"widget\" data-e-type=\"widget\" data-widget_type=\"text-editor.default\">\n\t\t\t\t<div class=\"elementor-widget-container\">\n\t\t\t\t\t\t\t\t\t<p class=\"\" data-start=\"1376\" data-end=\"1591\">Les donn\u00e9es personnelles collect\u00e9es (formulaires de contact, cookies, etc.) sont destin\u00e9es uniquement \u00e0 un usage interne. Elles ne sont jamais c\u00e9d\u00e9es ou vendues \u00e0 des tiers.<\/p><p class=\"\" data-start=\"1593\" data-end=\"1817\">Conform\u00e9ment au R\u00e8glement G\u00e9n\u00e9ral sur la Protection des Donn\u00e9es (RGPD), vous disposez d\u2019un droit d\u2019acc\u00e8s, de rectification, et de suppression de vos donn\u00e9es.<br data-start=\"1750\" data-end=\"1753\" \/>Pour exercer ce droit : contact@pfcbrasero.fr<\/p><p class=\"\" data-start=\"1819\" data-end=\"1939\">Pour plus d&rsquo;informations, consultez notre <a rel=\"noopener\" data-start=\"1861\" data-end=\"1922\">politique de confidentialit\u00e9<\/a>.<\/p>\t\t\t\t\t\t\t\t<\/div>\n\t\t\t\t<\/div>\n\t\t\t\t\t<\/div>\n\t\t\t\t<\/div>\n\t\t<div class=\"elementor-element elementor-element-793cf93 e-grid e-con-boxed e-con e-parent\" data-id=\"793cf93\" data-element_type=\"container\" data-e-type=\"container\">\n\t\t\t\t\t<div class=\"e-con-inner\">\n\t\t\t\t<div class=\"elementor-element elementor-element-42d1795 elementor-widget elementor-widget-heading\" data-id=\"42d1795\" data-element_type=\"widget\" data-e-type=\"widget\" data-widget_type=\"heading.default\">\n\t\t\t\t<div class=\"elementor-widget-container\">\n\t\t\t\t\t<h2 class=\"elementor-heading-title elementor-size-default\">Cookies<\/h2>\t\t\t\t<\/div>\n\t\t\t\t<\/div>\n\t\t\t\t<div class=\"elementor-element elementor-element-1f63beb elementor-widget elementor-widget-text-editor\" data-id=\"1f63beb\" data-element_type=\"widget\" data-e-type=\"widget\" data-widget_type=\"text-editor.default\">\n\t\t\t\t<div class=\"elementor-widget-container\">\n\t\t\t\t\t\t\t\t\t<p>Ce site utilise des cookies pour am\u00e9liorer votre exp\u00e9rience utilisateur et mesurer l\u2019audience via Google Analytics.<br data-start=\"2075\" data-end=\"2078\" \/>Vous pouvez \u00e0 tout moment g\u00e9rer vos pr\u00e9f\u00e9rences via le bandeau affich\u00e9 lors de votre visite.<\/p>\t\t\t\t\t\t\t\t<\/div>\n\t\t\t\t<\/div>\n\t\t\t\t\t<\/div>\n\t\t\t\t<\/div>\n\t\t<div class=\"elementor-element elementor-element-30e5aa8 e-grid e-con-boxed e-con e-parent\" data-id=\"30e5aa8\" data-element_type=\"container\" data-e-type=\"container\">\n\t\t\t\t\t<div class=\"e-con-inner\">\n\t\t\t\t<div class=\"elementor-element elementor-element-b7a201f elementor-widget elementor-widget-heading\" data-id=\"b7a201f\" data-element_type=\"widget\" data-e-type=\"widget\" data-widget_type=\"heading.default\">\n\t\t\t\t<div class=\"elementor-widget-container\">\n\t\t\t\t\t<h2 class=\"elementor-heading-title elementor-size-default\">Responsabilit\u00e9<\/h2>\t\t\t\t<\/div>\n\t\t\t\t<\/div>\n\t\t\t\t<div class=\"elementor-element elementor-element-8cfa02a elementor-widget elementor-widget-text-editor\" data-id=\"8cfa02a\" data-element_type=\"widget\" data-e-type=\"widget\" data-widget_type=\"text-editor.default\">\n\t\t\t\t<div class=\"elementor-widget-container\">\n\t\t\t\t\t\t\t\t\t<p>Le contenu du site est fourni \u00e0 titre informatif. <strong data-start=\"2248\" data-end=\"2263\">PFC Brasero<\/strong> s\u2019efforce d\u2019assurer l\u2019exactitude des informations mais ne peut garantir leur exhaustivit\u00e9 ni leur mise \u00e0 jour permanente.<br data-start=\"2385\" data-end=\"2388\" \/>L\u2019utilisation du site se fait sous votre seule responsabilit\u00e9.<\/p>\t\t\t\t\t\t\t\t<\/div>\n\t\t\t\t<\/div>\n\t\t\t\t\t<\/div>\n\t\t\t\t<\/div>\n\t\t<div class=\"elementor-element elementor-element-a643fb2 e-grid e-con-boxed e-con e-parent\" data-id=\"a643fb2\" data-element_type=\"container\" data-e-type=\"container\">\n\t\t\t\t\t<div class=\"e-con-inner\">\n\t\t\t\t<div class=\"elementor-element elementor-element-be3af00 elementor-widget elementor-widget-heading\" data-id=\"be3af00\" data-element_type=\"widget\" data-e-type=\"widget\" data-widget_type=\"heading.default\">\n\t\t\t\t<div class=\"elementor-widget-container\">\n\t\t\t\t\t<h2 class=\"elementor-heading-title elementor-size-default\">Cr\u00e9dits<\/h2>\t\t\t\t<\/div>\n\t\t\t\t<\/div>\n\t\t\t\t<div class=\"elementor-element elementor-element-4a2d3dd elementor-widget elementor-widget-text-editor\" data-id=\"4a2d3dd\" data-element_type=\"widget\" data-e-type=\"widget\" data-widget_type=\"text-editor.default\">\n\t\t\t\t<div class=\"elementor-widget-container\">\n\t\t\t\t\t\t\t\t\t<p>Design &amp; d\u00e9veloppement : PFC Brasero<br data-start=\"2530\" data-end=\"2533\" \/>Photos : PFC Brasero, AdobeStock<\/p>\t\t\t\t\t\t\t\t<\/div>\n\t\t\t\t<\/div>\n\t\t\t\t<div class=\"elementor-element elementor-element-e1ef849 elementor-widget elementor-widget-heading\" data-id=\"e1ef849\" data-element_type=\"widget\" data-e-type=\"widget\" data-widget_type=\"heading.default\">\n\t\t\t\t<div class=\"elementor-widget-container\">\n\t\t\t\t\t<h2 class=\"elementor-heading-title elementor-size-default\">Alcool - R\u00e9glementation<\/h2>\t\t\t\t<\/div>\n\t\t\t\t<\/div>\n\t\t\t\t\t<\/div>\n\t\t\t\t<\/div>\n\t\t<div class=\"elementor-element elementor-element-8632f90 e-flex e-con-boxed e-con e-parent\" data-id=\"8632f90\" data-element_type=\"container\" data-e-type=\"container\">\n\t\t\t\t\t<div class=\"e-con-inner\">\n\t\t\t\t<div class=\"elementor-element elementor-element-08e8c3f elementor-widget elementor-widget-text-editor\" data-id=\"08e8c3f\" data-element_type=\"widget\" data-e-type=\"widget\" data-widget_type=\"text-editor.default\">\n\t\t\t\t<div class=\"elementor-widget-container\">\n\t\t\t\t\t\t\t\t\t<p>La soci\u00e9t\u00e9 PFC Brasero propose la fourniture de f\u00fbts de bi\u00e8re et d&rsquo;alcool \u00e0 emporter, dans le cadre d\u2019une prestation de location de brasero avec tireuse int\u00e9gr\u00e9e.<\/p>\n<p>La vente d\u2019alcool est interdite aux mineurs. Toute commande de f\u00fbt implique l\u2019acceptation des CGV et la confirmation par le client qu\u2019il est majeur (+18 ans).<\/p>\n<p>L\u2019abus d\u2019alcool est dangereux pour la sant\u00e9. \u00c0 consommer avec mod\u00e9ration.<\/p>\t\t\t\t\t\t\t\t<\/div>\n\t\t\t\t<\/div>\n\t\t\t\t<div class=\"elementor-element elementor-element-a86bd18 elementor-widget elementor-widget-heading\" data-id=\"a86bd18\" data-element_type=\"widget\" data-e-type=\"widget\" data-widget_type=\"heading.default\">\n\t\t\t\t<div class=\"elementor-widget-container\">\n\t\t\t\t\t<h2 class=\"elementor-heading-title elementor-size-default\">Ajoutez votre titre ici<\/h2>\t\t\t\t<\/div>\n\t\t\t\t<\/div>\n\t\t\t\t\t<\/div>\n\t\t\t\t<\/div>\n\t\t\t\t<\/div>\n\t\t","protected":false},"excerpt":{"rendered":"<p>MENTIONS L\u00c9GALES \u00c9diteur du site Le pr\u00e9sent site est \u00e9dit\u00e9 par : PFC Brasero SAS Si\u00e8ge social : 50 Route de Brach, 33480 Sainte-H\u00e9l\u00e8ne SIRET :\u00a0932 770 779 00019 RSC : 932 770 779 RCS BORDEAUX Capital social : 1 000\u20ac Responsable : Kevin Campourcy et Antoine Ceriani Contact T\u00e9l\u00e9phone : 06 89 73 85 [&hellip;]<\/p>\n","protected":false},"author":1,"featured_media":0,"parent":0,"menu_order":0,"comment_status":"closed","ping_status":"closed","template":"","meta":{"site-sidebar-layout":"no-sidebar","site-content-layout":"","ast-site-content-layout":"full-width-container","site-content-style":"default","site-sidebar-style":"default","ast-global-header-display":"","ast-banner-title-visibility":"","ast-main-header-display":"","ast-hfb-above-header-display":"","ast-hfb-below-header-display":"","ast-hfb-mobile-header-display":"","site-post-title":"disabled","ast-breadcrumbs-content":"","ast-featured-img":"disabled","footer-sml-layout":"","ast-disable-related-posts":"","theme-transparent-header-meta":"","adv-header-id-meta":"","stick-header-meta":"","header-above-stick-meta":"","header-main-stick-meta":"","header-below-stick-meta":"","astra-migrate-meta-layouts":"default","ast-page-background-enabled":"default","ast-page-background-meta":{"desktop":{"background-color":"var(--ast-global-color-5)","background-image":"","background-repeat":"repeat","background-position":"center center","background-size":"auto","background-attachment":"scroll","background-type":"","background-media":"","overlay-type":"","overlay-color":"","overlay-opacity":"","overlay-gradient":""},"tablet":{"background-color":"","background-image":"","background-repeat":"repeat","background-position":"center center","background-size":"auto","background-attachment":"scroll","background-type":"","background-media":"","overlay-type":"","overlay-color":"","overlay-opacity":"","overlay-gradient":""},"mobile":{"background-color":"","background-image":"","background-repeat":"repeat","background-position":"center center","background-size":"auto","background-attachment":"scroll","background-type":"","background-media":"","overlay-type":"","overlay-color":"","overlay-opacity":"","overlay-gradient":""}},"ast-content-background-meta":{"desktop":{"background-color":"var(--ast-global-color-4)","background-image":"","background-repeat":"repeat","background-position":"center center","background-size":"auto","background-attachment":"scroll","background-type":"","background-media":"","overlay-type":"","overlay-color":"","overlay-opacity":"","overlay-gradient":""},"tablet":{"background-color":"var(--ast-global-color-4)","background-image":"","background-repeat":"repeat","background-position":"center center","background-size":"auto","background-attachment":"scroll","background-type":"","background-media":"","overlay-type":"","overlay-color":"","overlay-opacity":"","overlay-gradient":""},"mobile":{"background-color":"var(--ast-global-color-4)","background-image":"","background-repeat":"repeat","background-position":"center center","background-size":"auto","background-attachment":"scroll","background-type":"","background-media":"","overlay-type":"","overlay-color":"","overlay-opacity":"","overlay-gradient":""}},"footnotes":""},"class_list":["post-263","page","type-page","status-publish","hentry"],"yoast_head":"<!-- This site is optimized with the Yoast SEO plugin v27.1.1 - https:\/\/yoast.com\/product\/yoast-seo-wordpress\/ -->\n<title>Mentions l\u00e9gales -<\/title>\n<meta name=\"robots\" content=\"index, follow, max-snippet:-1, max-image-preview:large, max-video-preview:-1\" \/>\n<link rel=\"canonical\" href=\"https:\/\/www.pfcbrasero.fr\/index.php\/mentions-legales\/\" \/>\n<meta property=\"og:locale\" content=\"fr_FR\" \/>\n<meta property=\"og:type\" content=\"article\" \/>\n<meta property=\"og:title\" content=\"Mentions l\u00e9gales -\" \/>\n<meta property=\"og:description\" content=\"MENTIONS L\u00c9GALES \u00c9diteur du site Le pr\u00e9sent site est \u00e9dit\u00e9 par : PFC Brasero SAS Si\u00e8ge social : 50 Route de Brach, 33480 Sainte-H\u00e9l\u00e8ne SIRET :\u00a0932 770 779 00019 RSC : 932 770 779 RCS BORDEAUX Capital social : 1 000\u20ac Responsable : Kevin Campourcy et Antoine Ceriani Contact T\u00e9l\u00e9phone : 06 89 73 85 [&hellip;]\" \/>\n<meta property=\"og:url\" content=\"https:\/\/www.pfcbrasero.fr\/index.php\/mentions-legales\/\" \/>\n<meta property=\"article:publisher\" content=\"https:\/\/www.facebook.com\/people\/PFC-Brasero\/61574586614326\/?mibextid=wwXIfr&amp;rdid=uD0nH3nqQStVOQvo&amp;share_url=httpswww.facebook.comshare1B7PGjAsgymibextidwwXIfr\" \/>\n<meta property=\"article:modified_time\" content=\"2025-08-25T07:55:41+00:00\" \/>\n<meta name=\"twitter:card\" content=\"summary_large_image\" \/>\n<meta name=\"twitter:label1\" content=\"Dur\u00e9e de lecture estim\u00e9e\" \/>\n\t<meta name=\"twitter:data1\" content=\"2 minutes\" \/>\n<script type=\"application\/ld+json\" class=\"yoast-schema-graph\">{\"@context\":\"https:\/\/schema.org\",\"@graph\":[{\"@type\":\"WebPage\",\"@id\":\"https:\/\/www.pfcbrasero.fr\/index.php\/mentions-legales\/\",\"url\":\"https:\/\/www.pfcbrasero.fr\/index.php\/mentions-legales\/\",\"name\":\"Mentions l\u00e9gales -\",\"isPartOf\":{\"@id\":\"https:\/\/www.pfcbrasero.fr\/#website\"},\"datePublished\":\"2025-04-25T09:44:30+00:00\",\"dateModified\":\"2025-08-25T07:55:41+00:00\",\"breadcrumb\":{\"@id\":\"https:\/\/www.pfcbrasero.fr\/index.php\/mentions-legales\/#breadcrumb\"},\"inLanguage\":\"fr-FR\",\"potentialAction\":[{\"@type\":\"ReadAction\",\"target\":[\"https:\/\/www.pfcbrasero.fr\/index.php\/mentions-legales\/\"]}]},{\"@type\":\"BreadcrumbList\",\"@id\":\"https:\/\/www.pfcbrasero.fr\/index.php\/mentions-legales\/#breadcrumb\",\"itemListElement\":[{\"@type\":\"ListItem\",\"position\":1,\"name\":\"Accueil\",\"item\":\"https:\/\/www.pfcbrasero.fr\/\"},{\"@type\":\"ListItem\",\"position\":2,\"name\":\"Mentions l\u00e9gales\"}]},{\"@type\":\"WebSite\",\"@id\":\"https:\/\/www.pfcbrasero.fr\/#website\",\"url\":\"https:\/\/www.pfcbrasero.fr\/\",\"name\":\"PFC Brasero\",\"description\":\"\",\"publisher\":{\"@id\":\"https:\/\/www.pfcbrasero.fr\/#organization\"},\"potentialAction\":[{\"@type\":\"SearchAction\",\"target\":{\"@type\":\"EntryPoint\",\"urlTemplate\":\"https:\/\/www.pfcbrasero.fr\/?s={search_term_string}\"},\"query-input\":{\"@type\":\"PropertyValueSpecification\",\"valueRequired\":true,\"valueName\":\"search_term_string\"}}],\"inLanguage\":\"fr-FR\"},{\"@type\":\"Organization\",\"@id\":\"https:\/\/www.pfcbrasero.fr\/#organization\",\"name\":\"PFC Brasero\",\"url\":\"https:\/\/www.pfcbrasero.fr\/\",\"logo\":{\"@type\":\"ImageObject\",\"inLanguage\":\"fr-FR\",\"@id\":\"https:\/\/www.pfcbrasero.fr\/#\/schema\/logo\/image\/\",\"url\":\"https:\/\/www.pfcbrasero.fr\/wp-content\/uploads\/2025\/04\/cropped-cropped-cropped-cropped-Logo_horizontal_blanc-1.png\",\"contentUrl\":\"https:\/\/www.pfcbrasero.fr\/wp-content\/uploads\/2025\/04\/cropped-cropped-cropped-cropped-Logo_horizontal_blanc-1.png\",\"width\":1963,\"height\":937,\"caption\":\"PFC Brasero\"},\"image\":{\"@id\":\"https:\/\/www.pfcbrasero.fr\/#\/schema\/logo\/image\/\"},\"sameAs\":[\"https:\/\/www.facebook.com\/people\/PFC-Brasero\/61574586614326\/?mibextid=wwXIfr&rdid=uD0nH3nqQStVOQvo&share_url=httpswww.facebook.comshare1B7PGjAsgymibextidwwXIfr\",\"https:\/\/www.linkedin.com\/company\/pfc-brasero\/\",\"https:\/\/www.instagram.com\/pfcbrasero?igsh=bTFuNXdjeDlqdmJo&utm_source=qr\"]}]}<\/script>\n<!-- \/ Yoast SEO plugin. -->","yoast_head_json":{"title":"Mentions l\u00e9gales -","robots":{"index":"index","follow":"follow","max-snippet":"max-snippet:-1","max-image-preview":"max-image-preview:large","max-video-preview":"max-video-preview:-1"},"canonical":"https:\/\/www.pfcbrasero.fr\/index.php\/mentions-legales\/","og_locale":"fr_FR","og_type":"article","og_title":"Mentions l\u00e9gales -","og_description":"MENTIONS L\u00c9GALES \u00c9diteur du site Le pr\u00e9sent site est \u00e9dit\u00e9 par : PFC Brasero SAS Si\u00e8ge social : 50 Route de Brach, 33480 Sainte-H\u00e9l\u00e8ne SIRET :\u00a0932 770 779 00019 RSC : 932 770 779 RCS BORDEAUX Capital social : 1 000\u20ac Responsable : Kevin Campourcy et Antoine Ceriani Contact T\u00e9l\u00e9phone : 06 89 73 85 [&hellip;]","og_url":"https:\/\/www.pfcbrasero.fr\/index.php\/mentions-legales\/","article_publisher":"https:\/\/www.facebook.com\/people\/PFC-Brasero\/61574586614326\/?mibextid=wwXIfr&rdid=uD0nH3nqQStVOQvo&share_url=httpswww.facebook.comshare1B7PGjAsgymibextidwwXIfr","article_modified_time":"2025-08-25T07:55:41+00:00","twitter_card":"summary_large_image","twitter_misc":{"Dur\u00e9e de lecture estim\u00e9e":"2 minutes"},"schema":{"@context":"https:\/\/schema.org","@graph":[{"@type":"WebPage","@id":"https:\/\/www.pfcbrasero.fr\/index.php\/mentions-legales\/","url":"https:\/\/www.pfcbrasero.fr\/index.php\/mentions-legales\/","name":"Mentions l\u00e9gales -","isPartOf":{"@id":"https:\/\/www.pfcbrasero.fr\/#website"},"datePublished":"2025-04-25T09:44:30+00:00","dateModified":"2025-08-25T07:55:41+00:00","breadcrumb":{"@id":"https:\/\/www.pfcbrasero.fr\/index.php\/mentions-legales\/#breadcrumb"},"inLanguage":"fr-FR","potentialAction":[{"@type":"ReadAction","target":["https:\/\/www.pfcbrasero.fr\/index.php\/mentions-legales\/"]}]},{"@type":"BreadcrumbList","@id":"https:\/\/www.pfcbrasero.fr\/index.php\/mentions-legales\/#breadcrumb","itemListElement":[{"@type":"ListItem","position":1,"name":"Accueil","item":"https:\/\/www.pfcbrasero.fr\/"},{"@type":"ListItem","position":2,"name":"Mentions l\u00e9gales"}]},{"@type":"WebSite","@id":"https:\/\/www.pfcbrasero.fr\/#website","url":"https:\/\/www.pfcbrasero.fr\/","name":"PFC Brasero","description":"","publisher":{"@id":"https:\/\/www.pfcbrasero.fr\/#organization"},"potentialAction":[{"@type":"SearchAction","target":{"@type":"EntryPoint","urlTemplate":"https:\/\/www.pfcbrasero.fr\/?s={search_term_string}"},"query-input":{"@type":"PropertyValueSpecification","valueRequired":true,"valueName":"search_term_string"}}],"inLanguage":"fr-FR"},{"@type":"Organization","@id":"https:\/\/www.pfcbrasero.fr\/#organization","name":"PFC Brasero","url":"https:\/\/www.pfcbrasero.fr\/","logo":{"@type":"ImageObject","inLanguage":"fr-FR","@id":"https:\/\/www.pfcbrasero.fr\/#\/schema\/logo\/image\/","url":"https:\/\/www.pfcbrasero.fr\/wp-content\/uploads\/2025\/04\/cropped-cropped-cropped-cropped-Logo_horizontal_blanc-1.png","contentUrl":"https:\/\/www.pfcbrasero.fr\/wp-content\/uploads\/2025\/04\/cropped-cropped-cropped-cropped-Logo_horizontal_blanc-1.png","width":1963,"height":937,"caption":"PFC Brasero"},"image":{"@id":"https:\/\/www.pfcbrasero.fr\/#\/schema\/logo\/image\/"},"sameAs":["https:\/\/www.facebook.com\/people\/PFC-Brasero\/61574586614326\/?mibextid=wwXIfr&rdid=uD0nH3nqQStVOQvo&share_url=httpswww.facebook.comshare1B7PGjAsgymibextidwwXIfr","https:\/\/www.linkedin.com\/company\/pfc-brasero\/","https:\/\/www.instagram.com\/pfcbrasero?igsh=bTFuNXdjeDlqdmJo&utm_source=qr"]}]}},"rttpg_featured_image_url":null,"rttpg_author":{"display_name":"admin1449","author_link":"https:\/\/www.pfcbrasero.fr\/index.php\/author\/admin1449\/"},"rttpg_comment":0,"rttpg_category":null,"rttpg_excerpt":"MENTIONS L\u00c9GALES \u00c9diteur du site Le pr\u00e9sent site est \u00e9dit\u00e9 par : PFC Brasero SAS Si\u00e8ge social : 50 Route de Brach, 33480 Sainte-H\u00e9l\u00e8ne SIRET :\u00a0932 770 779 00019 RSC : 932 770 779 RCS BORDEAUX Capital social : 1 000\u20ac Responsable : Kevin Campourcy et Antoine Ceriani Contact T\u00e9l\u00e9phone : 06 89 73 85\u2026","_links":{"self":[{"href":"https:\/\/www.pfcbrasero.fr\/index.php\/wp-json\/wp\/v2\/pages\/263","targetHints":{"allow":["GET"]}}],"collection":[{"href":"https:\/\/www.pfcbrasero.fr\/index.php\/wp-json\/wp\/v2\/pages"}],"about":[{"href":"https:\/\/www.pfcbrasero.fr\/index.php\/wp-json\/wp\/v2\/types\/page"}],"author":[{"embeddable":true,"href":"https:\/\/www.pfcbrasero.fr\/index.php\/wp-json\/wp\/v2\/users\/1"}],"replies":[{"embeddable":true,"href":"https:\/\/www.pfcbrasero.fr\/index.php\/wp-json\/wp\/v2\/comments?post=263"}],"version-history":[{"count":22,"href":"https:\/\/www.pfcbrasero.fr\/index.php\/wp-json\/wp\/v2\/pages\/263\/revisions"}],"predecessor-version":[{"id":1776,"href":"https:\/\/www.pfcbrasero.fr\/index.php\/wp-json\/wp\/v2\/pages\/263\/revisions\/1776"}],"wp:attachment":[{"href":"https:\/\/www.pfcbrasero.fr\/index.php\/wp-json\/wp\/v2\/media?parent=263"}],"curies":[{"name":"wp","href":"https:\/\/api.w.org\/{rel}","templated":true}]}}