{"id":1460,"date":"2025-07-30T12:13:41","date_gmt":"2025-07-30T10:13:41","guid":{"rendered":"http:\/\/www.pfcbrasero.fr\/?page_id=1460"},"modified":"2025-10-29T11:33:31","modified_gmt":"2025-10-29T10:33:31","slug":"nos-reseaux-sociaux","status":"publish","type":"page","link":"https:\/\/www.pfcbrasero.fr\/index.php\/nos-reseaux-sociaux\/","title":{"rendered":"Nos r\u00e9seaux sociaux"},"content":{"rendered":"\t\t<div data-elementor-type=\"wp-page\" data-elementor-id=\"1460\" class=\"elementor elementor-1460\">\n\t\t\t\t<div class=\"elementor-element elementor-element-065d92b e-flex e-con-boxed e-con e-parent\" data-id=\"065d92b\" data-element_type=\"container\" data-e-type=\"container\" data-settings=\"{&quot;background_background&quot;:&quot;classic&quot;}\">\n\t\t\t\t\t<div class=\"e-con-inner\">\n\t\t\t\t<div class=\"elementor-element elementor-element-9463548 elementor-widget elementor-widget-heading\" data-id=\"9463548\" data-element_type=\"widget\" data-e-type=\"widget\" data-widget_type=\"heading.default\">\n\t\t\t\t<div class=\"elementor-widget-container\">\n\t\t\t\t\t<h2 class=\"elementor-heading-title elementor-size-default\">NOS R\u00c9SEAUX SOCIAUX<\/h2>\t\t\t\t<\/div>\n\t\t\t\t<\/div>\n\t\t\t\t\t<\/div>\n\t\t\t\t<\/div>\n\t\t<div class=\"elementor-element elementor-element-461dc45 e-flex e-con-boxed e-con e-parent\" data-id=\"461dc45\" data-element_type=\"container\" data-e-type=\"container\">\n\t\t\t\t\t<div class=\"e-con-inner\">\n\t\t\t\t<div class=\"elementor-element elementor-element-bf6128c elementor-widget elementor-widget-heading\" data-id=\"bf6128c\" data-element_type=\"widget\" data-e-type=\"widget\" data-widget_type=\"heading.default\">\n\t\t\t\t<div class=\"elementor-widget-container\">\n\t\t\t\t\t<h2 class=\"elementor-heading-title elementor-size-default\">Suivez-nous et partagez votre exp\u00e9rience : <\/h2>\t\t\t\t<\/div>\n\t\t\t\t<\/div>\n\t\t\t\t\t<\/div>\n\t\t\t\t<\/div>\n\t\t<div class=\"elementor-element elementor-element-1397832 e-flex e-con-boxed e-con e-parent\" data-id=\"1397832\" data-element_type=\"container\" data-e-type=\"container\">\n\t\t\t\t\t<div class=\"e-con-inner\">\n\t\t\t\t<div class=\"elementor-element elementor-element-ccf80d0 elementor-grid-mobile-0 elementor-shape-rounded elementor-grid-0 e-grid-align-center elementor-widget elementor-widget-social-icons\" data-id=\"ccf80d0\" data-element_type=\"widget\" data-e-type=\"widget\" data-widget_type=\"social-icons.default\">\n\t\t\t\t<div class=\"elementor-widget-container\">\n\t\t\t\t\t\t\t<div class=\"elementor-social-icons-wrapper elementor-grid\" role=\"list\">\n\t\t\t\t\t\t\t<span class=\"elementor-grid-item\" role=\"listitem\">\n\t\t\t\t\t<a class=\"elementor-icon elementor-social-icon elementor-social-icon-facebook elementor-animation-bounce-in elementor-repeater-item-b84be45\" href=\"https:\/\/www.facebook.com\/share\/1B7PGjAsgy\/?mibextid=wwXIfr\" target=\"_blank\">\n\t\t\t\t\t\t<span class=\"elementor-screen-only\">Facebook<\/span>\n\t\t\t\t\t\t<svg aria-hidden=\"true\" class=\"e-font-icon-svg e-fab-facebook\" viewBox=\"0 0 512 512\" xmlns=\"http:\/\/www.w3.org\/2000\/svg\"><path d=\"M504 256C504 119 393 8 256 8S8 119 8 256c0 123.78 90.69 226.38 209.25 245V327.69h-63V256h63v-54.64c0-62.15 37-96.48 93.67-96.48 27.14 0 55.52 4.84 55.52 4.84v61h-31.28c-30.8 0-40.41 19.12-40.41 38.73V256h68.78l-11 71.69h-57.78V501C413.31 482.38 504 379.78 504 256z\"><\/path><\/svg>\t\t\t\t\t<\/a>\n\t\t\t\t<\/span>\n\t\t\t\t\t\t\t<span class=\"elementor-grid-item\" role=\"listitem\">\n\t\t\t\t\t<a class=\"elementor-icon elementor-social-icon elementor-social-icon-instagram elementor-animation-bounce-in elementor-repeater-item-0f3b777\" href=\"https:\/\/www.instagram.com\/pfcbrasero?igsh=bTFuNXdjeDlqdmJo&#038;utm_source=qr\" target=\"_blank\">\n\t\t\t\t\t\t<span class=\"elementor-screen-only\">Instagram<\/span>\n\t\t\t\t\t\t<svg aria-hidden=\"true\" class=\"e-font-icon-svg e-fab-instagram\" viewBox=\"0 0 448 512\" xmlns=\"http:\/\/www.w3.org\/2000\/svg\"><path d=\"M224.1 141c-63.6 0-114.9 51.3-114.9 114.9s51.3 114.9 114.9 114.9S339 319.5 339 255.9 287.7 141 224.1 141zm0 189.6c-41.1 0-74.7-33.5-74.7-74.7s33.5-74.7 74.7-74.7 74.7 33.5 74.7 74.7-33.6 74.7-74.7 74.7zm146.4-194.3c0 14.9-12 26.8-26.8 26.8-14.9 0-26.8-12-26.8-26.8s12-26.8 26.8-26.8 26.8 12 26.8 26.8zm76.1 27.2c-1.7-35.9-9.9-67.7-36.2-93.9-26.2-26.2-58-34.4-93.9-36.2-37-2.1-147.9-2.1-184.9 0-35.8 1.7-67.6 9.9-93.9 36.1s-34.4 58-36.2 93.9c-2.1 37-2.1 147.9 0 184.9 1.7 35.9 9.9 67.7 36.2 93.9s58 34.4 93.9 36.2c37 2.1 147.9 2.1 184.9 0 35.9-1.7 67.7-9.9 93.9-36.2 26.2-26.2 34.4-58 36.2-93.9 2.1-37 2.1-147.8 0-184.8zM398.8 388c-7.8 19.6-22.9 34.7-42.6 42.6-29.5 11.7-99.5 9-132.1 9s-102.7 2.6-132.1-9c-19.6-7.8-34.7-22.9-42.6-42.6-11.7-29.5-9-99.5-9-132.1s-2.6-102.7 9-132.1c7.8-19.6 22.9-34.7 42.6-42.6 29.5-11.7 99.5-9 132.1-9s102.7-2.6 132.1 9c19.6 7.8 34.7 22.9 42.6 42.6 11.7 29.5 9 99.5 9 132.1s2.7 102.7-9 132.1z\"><\/path><\/svg>\t\t\t\t\t<\/a>\n\t\t\t\t<\/span>\n\t\t\t\t\t\t\t<span class=\"elementor-grid-item\" role=\"listitem\">\n\t\t\t\t\t<a class=\"elementor-icon elementor-social-icon elementor-social-icon-tiktok elementor-animation-bounce-in elementor-repeater-item-c37228c\" href=\"https:\/\/www.tiktok.com\/@pfc.brasero?_t=ZN-8ySMPStbM2x&#038;_r=1\" target=\"_blank\">\n\t\t\t\t\t\t<span class=\"elementor-screen-only\">Tiktok<\/span>\n\t\t\t\t\t\t<svg aria-hidden=\"true\" class=\"e-font-icon-svg e-fab-tiktok\" viewBox=\"0 0 448 512\" xmlns=\"http:\/\/www.w3.org\/2000\/svg\"><path d=\"M448,209.91a210.06,210.06,0,0,1-122.77-39.25V349.38A162.55,162.55,0,1,1,185,188.31V278.2a74.62,74.62,0,1,0,52.23,71.18V0l88,0a121.18,121.18,0,0,0,1.86,22.17h0A122.18,122.18,0,0,0,381,102.39a121.43,121.43,0,0,0,67,20.14Z\"><\/path><\/svg>\t\t\t\t\t<\/a>\n\t\t\t\t<\/span>\n\t\t\t\t\t\t\t<span class=\"elementor-grid-item\" role=\"listitem\">\n\t\t\t\t\t<a class=\"elementor-icon elementor-social-icon elementor-social-icon-linkedin elementor-animation-bounce-in elementor-repeater-item-f929bfa\" href=\"https:\/\/www.linkedin.com\/company\/pfc-brasero\/\" target=\"_blank\">\n\t\t\t\t\t\t<span class=\"elementor-screen-only\">Linkedin<\/span>\n\t\t\t\t\t\t<svg aria-hidden=\"true\" class=\"e-font-icon-svg e-fab-linkedin\" viewBox=\"0 0 448 512\" xmlns=\"http:\/\/www.w3.org\/2000\/svg\"><path d=\"M416 32H31.9C14.3 32 0 46.5 0 64.3v383.4C0 465.5 14.3 480 31.9 480H416c17.6 0 32-14.5 32-32.3V64.3c0-17.8-14.4-32.3-32-32.3zM135.4 416H69V202.2h66.5V416zm-33.2-243c-21.3 0-38.5-17.3-38.5-38.5S80.9 96 102.2 96c21.2 0 38.5 17.3 38.5 38.5 0 21.3-17.2 38.5-38.5 38.5zm282.1 243h-66.4V312c0-24.8-.5-56.7-34.5-56.7-34.6 0-39.9 27-39.9 54.9V416h-66.4V202.2h63.7v29.2h.9c8.9-16.8 30.6-34.5 62.9-34.5 67.2 0 79.7 44.3 79.7 101.9V416z\"><\/path><\/svg>\t\t\t\t\t<\/a>\n\t\t\t\t<\/span>\n\t\t\t\t\t\t\t<span class=\"elementor-grid-item\" role=\"listitem\">\n\t\t\t\t\t<a class=\"elementor-icon elementor-social-icon elementor-social-icon-google elementor-animation-bounce-in elementor-repeater-item-3f03d23\" href=\"https:\/\/www.google.com\/search?client=safari&#038;sca_esv=53af40c892478f71&#038;rls=en&#038;sxsrf=AE3TifNF4zwHW2rQz8ExuxZHRS6MosYRDQ:1753869940962&#038;si=AMgyJEtREmoPL4P1I5IDCfuA8gybfVI2d5Uj7QMwYCZHKDZ-E-vnK_uMB5P1Zs9nAXc8zw5r-Jg58dp2S6hG2o_C5QXs9VKY0r4KBNFcqvWm7gmacMAyLegCAGRDaW9WIaQWd1kEUL3u&#038;q=PFC+Brasero+Avis&#038;sa=X&#038;ved=2ahUKEwiIxMDWquSOAxWsRKQEHcuZK5gQ0bkNegQIMhAE&#038;biw=1342&#038;bih=756&#038;dpr=2\" target=\"_blank\">\n\t\t\t\t\t\t<span class=\"elementor-screen-only\">Google<\/span>\n\t\t\t\t\t\t<svg aria-hidden=\"true\" class=\"e-font-icon-svg e-fab-google\" viewBox=\"0 0 488 512\" xmlns=\"http:\/\/www.w3.org\/2000\/svg\"><path d=\"M488 261.8C488 403.3 391.1 504 248 504 110.8 504 0 393.2 0 256S110.8 8 248 8c66.8 0 123 24.5 166.3 64.9l-67.5 64.9C258.5 52.6 94.3 116.6 94.3 256c0 86.5 69.1 156.6 153.7 156.6 98.2 0 135-70.4 140.8-106.9H248v-85.3h236.1c2.3 12.7 3.9 24.9 3.9 41.4z\"><\/path><\/svg>\t\t\t\t\t<\/a>\n\t\t\t\t<\/span>\n\t\t\t\t\t<\/div>\n\t\t\t\t\t\t<\/div>\n\t\t\t\t<\/div>\n\t\t\t\t<div class=\"elementor-element elementor-element-e5d193b elementor-widget elementor-widget-text-editor\" data-id=\"e5d193b\" data-element_type=\"widget\" data-e-type=\"widget\" data-widget_type=\"text-editor.default\">\n\t\t\t\t<div class=\"elementor-widget-container\">\n\t\t\t\t\t\t\t\t\t<p>Rejoignez-nous sur les r\u00e9seaux sociaux pour d\u00e9couvrir nos derni\u00e8res r\u00e9alisations, nos \u00e9v\u00e9nements et les coulisses de notre entreprise.<\/p>\t\t\t\t\t\t\t\t<\/div>\n\t\t\t\t<\/div>\n\t\t\t\t\t<\/div>\n\t\t\t\t<\/div>\n\t\t\t\t<\/div>\n\t\t","protected":false},"excerpt":{"rendered":"<p>NOS R\u00c9SEAUX SOCIAUX Suivez-nous et partagez votre exp\u00e9rience : Facebook Instagram Tiktok Linkedin Google Rejoignez-nous sur les r\u00e9seaux sociaux pour d\u00e9couvrir nos derni\u00e8res r\u00e9alisations, nos \u00e9v\u00e9nements et les coulisses de notre entreprise.<\/p>\n","protected":false},"author":1,"featured_media":0,"parent":0,"menu_order":0,"comment_status":"closed","ping_status":"closed","template":"","meta":{"site-sidebar-layout":"no-sidebar","site-content-layout":"","ast-site-content-layout":"full-width-container","site-content-style":"default","site-sidebar-style":"default","ast-global-header-display":"","ast-banner-title-visibility":"","ast-main-header-display":"","ast-hfb-above-header-display":"","ast-hfb-below-header-display":"","ast-hfb-mobile-header-display":"","site-post-title":"disabled","ast-breadcrumbs-content":"","ast-featured-img":"disabled","footer-sml-layout":"","ast-disable-related-posts":"","theme-transparent-header-meta":"","adv-header-id-meta":"","stick-header-meta":"","header-above-stick-meta":"","header-main-stick-meta":"","header-below-stick-meta":"","astra-migrate-meta-layouts":"default","ast-page-background-enabled":"default","ast-page-background-meta":{"desktop":{"background-color":"var(--ast-global-color-5)","background-image":"","background-repeat":"repeat","background-position":"center center","background-size":"auto","background-attachment":"scroll","background-type":"","background-media":"","overlay-type":"","overlay-color":"","overlay-opacity":"","overlay-gradient":""},"tablet":{"background-color":"","background-image":"","background-repeat":"repeat","background-position":"center center","background-size":"auto","background-attachment":"scroll","background-type":"","background-media":"","overlay-type":"","overlay-color":"","overlay-opacity":"","overlay-gradient":""},"mobile":{"background-color":"","background-image":"","background-repeat":"repeat","background-position":"center center","background-size":"auto","background-attachment":"scroll","background-type":"","background-media":"","overlay-type":"","overlay-color":"","overlay-opacity":"","overlay-gradient":""}},"ast-content-background-meta":{"desktop":{"background-color":"var(--ast-global-color-4)","background-image":"","background-repeat":"repeat","background-position":"center center","background-size":"auto","background-attachment":"scroll","background-type":"","background-media":"","overlay-type":"","overlay-color":"","overlay-opacity":"","overlay-gradient":""},"tablet":{"background-color":"var(--ast-global-color-4)","background-image":"","background-repeat":"repeat","background-position":"center center","background-size":"auto","background-attachment":"scroll","background-type":"","background-media":"","overlay-type":"","overlay-color":"","overlay-opacity":"","overlay-gradient":""},"mobile":{"background-color":"var(--ast-global-color-4)","background-image":"","background-repeat":"repeat","background-position":"center center","background-size":"auto","background-attachment":"scroll","background-type":"","background-media":"","overlay-type":"","overlay-color":"","overlay-opacity":"","overlay-gradient":""}},"footnotes":""},"class_list":["post-1460","page","type-page","status-publish","hentry"],"yoast_head":"<!-- This site is optimized with the Yoast SEO plugin v27.1.1 - https:\/\/yoast.com\/product\/yoast-seo-wordpress\/ -->\n<title>Nos r\u00e9seaux sociaux - PFC Brasero<\/title>\n<meta name=\"description\" content=\"Nos r\u00e9seaux sociaux : suivez-nous pour rester inform\u00e9 de l&#039;actualit\u00e9 de PFC Brasero, concours, recettes, \u00e9v\u00e8nements en Gironde...\" \/>\n<meta name=\"robots\" content=\"index, follow, max-snippet:-1, max-image-preview:large, max-video-preview:-1\" \/>\n<link rel=\"canonical\" href=\"https:\/\/www.pfcbrasero.fr\/index.php\/nos-reseaux-sociaux\/\" \/>\n<meta property=\"og:locale\" content=\"fr_FR\" \/>\n<meta property=\"og:type\" content=\"article\" \/>\n<meta property=\"og:title\" content=\"Nos r\u00e9seaux sociaux - PFC Brasero\" \/>\n<meta property=\"og:description\" content=\"Nos r\u00e9seaux sociaux : suivez-nous pour rester inform\u00e9 de l&#039;actualit\u00e9 de PFC Brasero, concours, recettes, \u00e9v\u00e8nements en Gironde...\" \/>\n<meta property=\"og:url\" content=\"https:\/\/www.pfcbrasero.fr\/index.php\/nos-reseaux-sociaux\/\" \/>\n<meta property=\"article:publisher\" content=\"https:\/\/www.facebook.com\/people\/PFC-Brasero\/61574586614326\/?mibextid=wwXIfr&amp;rdid=uD0nH3nqQStVOQvo&amp;share_url=httpswww.facebook.comshare1B7PGjAsgymibextidwwXIfr\" \/>\n<meta property=\"article:modified_time\" content=\"2025-10-29T10:33:31+00:00\" \/>\n<meta name=\"twitter:card\" content=\"summary_large_image\" \/>\n<meta name=\"twitter:label1\" content=\"Dur\u00e9e de lecture estim\u00e9e\" \/>\n\t<meta name=\"twitter:data1\" content=\"1 minute\" \/>\n<script type=\"application\/ld+json\" class=\"yoast-schema-graph\">{\"@context\":\"https:\/\/schema.org\",\"@graph\":[{\"@type\":\"WebPage\",\"@id\":\"https:\/\/www.pfcbrasero.fr\/index.php\/nos-reseaux-sociaux\/\",\"url\":\"https:\/\/www.pfcbrasero.fr\/index.php\/nos-reseaux-sociaux\/\",\"name\":\"Nos r\u00e9seaux sociaux - PFC Brasero\",\"isPartOf\":{\"@id\":\"https:\/\/www.pfcbrasero.fr\/#website\"},\"datePublished\":\"2025-07-30T10:13:41+00:00\",\"dateModified\":\"2025-10-29T10:33:31+00:00\",\"description\":\"Nos r\u00e9seaux sociaux : suivez-nous pour rester inform\u00e9 de l'actualit\u00e9 de PFC Brasero, concours, recettes, \u00e9v\u00e8nements en Gironde...\",\"breadcrumb\":{\"@id\":\"https:\/\/www.pfcbrasero.fr\/index.php\/nos-reseaux-sociaux\/#breadcrumb\"},\"inLanguage\":\"fr-FR\",\"potentialAction\":[{\"@type\":\"ReadAction\",\"target\":[\"https:\/\/www.pfcbrasero.fr\/index.php\/nos-reseaux-sociaux\/\"]}]},{\"@type\":\"BreadcrumbList\",\"@id\":\"https:\/\/www.pfcbrasero.fr\/index.php\/nos-reseaux-sociaux\/#breadcrumb\",\"itemListElement\":[{\"@type\":\"ListItem\",\"position\":1,\"name\":\"Accueil\",\"item\":\"https:\/\/www.pfcbrasero.fr\/\"},{\"@type\":\"ListItem\",\"position\":2,\"name\":\"Nos r\u00e9seaux sociaux\"}]},{\"@type\":\"WebSite\",\"@id\":\"https:\/\/www.pfcbrasero.fr\/#website\",\"url\":\"https:\/\/www.pfcbrasero.fr\/\",\"name\":\"PFC Brasero\",\"description\":\"\",\"publisher\":{\"@id\":\"https:\/\/www.pfcbrasero.fr\/#organization\"},\"potentialAction\":[{\"@type\":\"SearchAction\",\"target\":{\"@type\":\"EntryPoint\",\"urlTemplate\":\"https:\/\/www.pfcbrasero.fr\/?s={search_term_string}\"},\"query-input\":{\"@type\":\"PropertyValueSpecification\",\"valueRequired\":true,\"valueName\":\"search_term_string\"}}],\"inLanguage\":\"fr-FR\"},{\"@type\":\"Organization\",\"@id\":\"https:\/\/www.pfcbrasero.fr\/#organization\",\"name\":\"PFC Brasero\",\"url\":\"https:\/\/www.pfcbrasero.fr\/\",\"logo\":{\"@type\":\"ImageObject\",\"inLanguage\":\"fr-FR\",\"@id\":\"https:\/\/www.pfcbrasero.fr\/#\/schema\/logo\/image\/\",\"url\":\"https:\/\/www.pfcbrasero.fr\/wp-content\/uploads\/2025\/04\/cropped-cropped-cropped-cropped-Logo_horizontal_blanc-1.png\",\"contentUrl\":\"https:\/\/www.pfcbrasero.fr\/wp-content\/uploads\/2025\/04\/cropped-cropped-cropped-cropped-Logo_horizontal_blanc-1.png\",\"width\":1963,\"height\":937,\"caption\":\"PFC Brasero\"},\"image\":{\"@id\":\"https:\/\/www.pfcbrasero.fr\/#\/schema\/logo\/image\/\"},\"sameAs\":[\"https:\/\/www.facebook.com\/people\/PFC-Brasero\/61574586614326\/?mibextid=wwXIfr&rdid=uD0nH3nqQStVOQvo&share_url=httpswww.facebook.comshare1B7PGjAsgymibextidwwXIfr\",\"https:\/\/www.linkedin.com\/company\/pfc-brasero\/\",\"https:\/\/www.instagram.com\/pfcbrasero?igsh=bTFuNXdjeDlqdmJo&utm_source=qr\"]}]}<\/script>\n<!-- \/ Yoast SEO plugin. -->","yoast_head_json":{"title":"Nos r\u00e9seaux sociaux - PFC Brasero","description":"Nos r\u00e9seaux sociaux : suivez-nous pour rester inform\u00e9 de l'actualit\u00e9 de PFC Brasero, concours, recettes, \u00e9v\u00e8nements en Gironde...","robots":{"index":"index","follow":"follow","max-snippet":"max-snippet:-1","max-image-preview":"max-image-preview:large","max-video-preview":"max-video-preview:-1"},"canonical":"https:\/\/www.pfcbrasero.fr\/index.php\/nos-reseaux-sociaux\/","og_locale":"fr_FR","og_type":"article","og_title":"Nos r\u00e9seaux sociaux - PFC Brasero","og_description":"Nos r\u00e9seaux sociaux : suivez-nous pour rester inform\u00e9 de l'actualit\u00e9 de PFC Brasero, concours, recettes, \u00e9v\u00e8nements en Gironde...","og_url":"https:\/\/www.pfcbrasero.fr\/index.php\/nos-reseaux-sociaux\/","article_publisher":"https:\/\/www.facebook.com\/people\/PFC-Brasero\/61574586614326\/?mibextid=wwXIfr&rdid=uD0nH3nqQStVOQvo&share_url=httpswww.facebook.comshare1B7PGjAsgymibextidwwXIfr","article_modified_time":"2025-10-29T10:33:31+00:00","twitter_card":"summary_large_image","twitter_misc":{"Dur\u00e9e de lecture estim\u00e9e":"1 minute"},"schema":{"@context":"https:\/\/schema.org","@graph":[{"@type":"WebPage","@id":"https:\/\/www.pfcbrasero.fr\/index.php\/nos-reseaux-sociaux\/","url":"https:\/\/www.pfcbrasero.fr\/index.php\/nos-reseaux-sociaux\/","name":"Nos r\u00e9seaux sociaux - PFC Brasero","isPartOf":{"@id":"https:\/\/www.pfcbrasero.fr\/#website"},"datePublished":"2025-07-30T10:13:41+00:00","dateModified":"2025-10-29T10:33:31+00:00","description":"Nos r\u00e9seaux sociaux : suivez-nous pour rester inform\u00e9 de l'actualit\u00e9 de PFC Brasero, concours, recettes, \u00e9v\u00e8nements en Gironde...","breadcrumb":{"@id":"https:\/\/www.pfcbrasero.fr\/index.php\/nos-reseaux-sociaux\/#breadcrumb"},"inLanguage":"fr-FR","potentialAction":[{"@type":"ReadAction","target":["https:\/\/www.pfcbrasero.fr\/index.php\/nos-reseaux-sociaux\/"]}]},{"@type":"BreadcrumbList","@id":"https:\/\/www.pfcbrasero.fr\/index.php\/nos-reseaux-sociaux\/#breadcrumb","itemListElement":[{"@type":"ListItem","position":1,"name":"Accueil","item":"https:\/\/www.pfcbrasero.fr\/"},{"@type":"ListItem","position":2,"name":"Nos r\u00e9seaux sociaux"}]},{"@type":"WebSite","@id":"https:\/\/www.pfcbrasero.fr\/#website","url":"https:\/\/www.pfcbrasero.fr\/","name":"PFC Brasero","description":"","publisher":{"@id":"https:\/\/www.pfcbrasero.fr\/#organization"},"potentialAction":[{"@type":"SearchAction","target":{"@type":"EntryPoint","urlTemplate":"https:\/\/www.pfcbrasero.fr\/?s={search_term_string}"},"query-input":{"@type":"PropertyValueSpecification","valueRequired":true,"valueName":"search_term_string"}}],"inLanguage":"fr-FR"},{"@type":"Organization","@id":"https:\/\/www.pfcbrasero.fr\/#organization","name":"PFC Brasero","url":"https:\/\/www.pfcbrasero.fr\/","logo":{"@type":"ImageObject","inLanguage":"fr-FR","@id":"https:\/\/www.pfcbrasero.fr\/#\/schema\/logo\/image\/","url":"https:\/\/www.pfcbrasero.fr\/wp-content\/uploads\/2025\/04\/cropped-cropped-cropped-cropped-Logo_horizontal_blanc-1.png","contentUrl":"https:\/\/www.pfcbrasero.fr\/wp-content\/uploads\/2025\/04\/cropped-cropped-cropped-cropped-Logo_horizontal_blanc-1.png","width":1963,"height":937,"caption":"PFC Brasero"},"image":{"@id":"https:\/\/www.pfcbrasero.fr\/#\/schema\/logo\/image\/"},"sameAs":["https:\/\/www.facebook.com\/people\/PFC-Brasero\/61574586614326\/?mibextid=wwXIfr&rdid=uD0nH3nqQStVOQvo&share_url=httpswww.facebook.comshare1B7PGjAsgymibextidwwXIfr","https:\/\/www.linkedin.com\/company\/pfc-brasero\/","https:\/\/www.instagram.com\/pfcbrasero?igsh=bTFuNXdjeDlqdmJo&utm_source=qr"]}]}},"rttpg_featured_image_url":null,"rttpg_author":{"display_name":"admin1449","author_link":"https:\/\/www.pfcbrasero.fr\/index.php\/author\/admin1449\/"},"rttpg_comment":0,"rttpg_category":null,"rttpg_excerpt":"NOS R\u00c9SEAUX SOCIAUX Suivez-nous et partagez votre exp\u00e9rience : Facebook Instagram Tiktok Linkedin Google Rejoignez-nous sur les r\u00e9seaux sociaux pour d\u00e9couvrir nos derni\u00e8res r\u00e9alisations, nos \u00e9v\u00e9nements et les coulisses de notre entreprise.","_links":{"self":[{"href":"https:\/\/www.pfcbrasero.fr\/index.php\/wp-json\/wp\/v2\/pages\/1460","targetHints":{"allow":["GET"]}}],"collection":[{"href":"https:\/\/www.pfcbrasero.fr\/index.php\/wp-json\/wp\/v2\/pages"}],"about":[{"href":"https:\/\/www.pfcbrasero.fr\/index.php\/wp-json\/wp\/v2\/types\/page"}],"author":[{"embeddable":true,"href":"https:\/\/www.pfcbrasero.fr\/index.php\/wp-json\/wp\/v2\/users\/1"}],"replies":[{"embeddable":true,"href":"https:\/\/www.pfcbrasero.fr\/index.php\/wp-json\/wp\/v2\/comments?post=1460"}],"version-history":[{"count":34,"href":"https:\/\/www.pfcbrasero.fr\/index.php\/wp-json\/wp\/v2\/pages\/1460\/revisions"}],"predecessor-version":[{"id":1644,"href":"https:\/\/www.pfcbrasero.fr\/index.php\/wp-json\/wp\/v2\/pages\/1460\/revisions\/1644"}],"wp:attachment":[{"href":"https:\/\/www.pfcbrasero.fr\/index.php\/wp-json\/wp\/v2\/media?parent=1460"}],"curies":[{"name":"wp","href":"https:\/\/api.w.org\/{rel}","templated":true}]}}